{"id":165,"date":"2025-02-10T11:35:32","date_gmt":"2025-02-10T11:35:32","guid":{"rendered":"https:\/\/projekty.us.edu.pl\/?page_id=165"},"modified":"2025-05-16T08:29:01","modified_gmt":"2025-05-16T08:29:01","slug":"nts_o-projekcie","status":"publish","type":"page","link":"https:\/\/projekty.us.edu.pl\/index.php\/nie-tylko-sacrum-pojmowanie-przyrody-w-bizancjum-iv-xv-wiek-2\/nts_o-projekcie\/","title":{"rendered":"NTS_O projekcie"},"content":{"rendered":"\t\t<div data-elementor-type=\"wp-page\" data-elementor-id=\"165\" class=\"elementor elementor-165\" data-elementor-post-type=\"page\">\n\t\t\t\t<div class=\"elementor-element elementor-element-23de8a4e e-con-full e-flex e-con e-parent\" data-id=\"23de8a4e\" data-element_type=\"container\" data-e-type=\"container\" data-settings=\"{&quot;background_background&quot;:&quot;classic&quot;}\">\n\t\t<div class=\"elementor-element elementor-element-35036bc1 e-flex e-con-boxed e-con e-child\" data-id=\"35036bc1\" data-element_type=\"container\" data-e-type=\"container\">\n\t\t\t\t\t<div class=\"e-con-inner\">\n\t\t\t\t<div class=\"elementor-element elementor-element-73892c57 elementor-widget elementor-widget-heading\" data-id=\"73892c57\" data-element_type=\"widget\" data-e-type=\"widget\" data-widget_type=\"heading.default\">\n\t\t\t\t<div class=\"elementor-widget-container\">\n\t\t\t\t\t<h2 class=\"elementor-heading-title elementor-size-default\">Nie tylko sacrum. Pojmowanie przyrody w Bizancjum (IV-XV wiek)<\/h2>\t\t\t\t<\/div>\n\t\t\t\t<\/div>\n\t\t\t\t\t<\/div>\n\t\t\t\t<\/div>\n\t\t<div class=\"elementor-element elementor-element-71ef3dd e-con-full e-flex e-con e-child\" data-id=\"71ef3dd\" data-element_type=\"container\" data-e-type=\"container\">\n\t\t<div class=\"elementor-element elementor-element-6bb56777 e-con-full e-flex e-con e-child\" data-id=\"6bb56777\" data-element_type=\"container\" data-e-type=\"container\">\n\t\t\t\t<div class=\"elementor-element elementor-element-6ccd0665 elementor-cta--layout-image-above elementor-widget__width-inherit elementor-widget-tablet__width-inherit elementor-cta--skin-classic elementor-animated-content elementor-bg-transform elementor-bg-transform-zoom-in elementor-widget elementor-widget-call-to-action\" data-id=\"6ccd0665\" data-element_type=\"widget\" data-e-type=\"widget\" data-widget_type=\"call-to-action.default\">\n\t\t\t\t<div class=\"elementor-widget-container\">\n\t\t\t\t\t\t\t<div class=\"elementor-cta\">\n\t\t\t\t\t<div class=\"elementor-cta__bg-wrapper\">\n\t\t\t\t<div class=\"elementor-cta__bg elementor-bg\" style=\"background-image: url(https:\/\/projekty.us.edu.pl\/wp-content\/uploads\/2025\/05\/5.png);\" role=\"img\" aria-label=\"5\"><\/div>\n\t\t\t\t<div class=\"elementor-cta__bg-overlay\"><\/div>\n\t\t\t<\/div>\n\t\t\t\t\t\t\t\t<\/div>\n\t\t\t\t\t\t<\/div>\n\t\t\t\t<\/div>\n\t\t\t\t<\/div>\n\t\t<div class=\"elementor-element elementor-element-50580708 e-con-full e-flex e-con e-child\" data-id=\"50580708\" data-element_type=\"container\" data-e-type=\"container\">\n\t\t\t\t<div class=\"elementor-element elementor-element-2c8dd9c6 elementor-cta--layout-image-above elementor-widget__width-inherit elementor-cta--skin-classic elementor-animated-content elementor-bg-transform elementor-bg-transform-zoom-in elementor-widget elementor-widget-call-to-action\" data-id=\"2c8dd9c6\" data-element_type=\"widget\" data-e-type=\"widget\" data-widget_type=\"call-to-action.default\">\n\t\t\t\t<div class=\"elementor-widget-container\">\n\t\t\t\t\t\t\t<div class=\"elementor-cta\">\n\t\t\t\t\t<div class=\"elementor-cta__bg-wrapper\">\n\t\t\t\t<div class=\"elementor-cta__bg elementor-bg\" style=\"background-image: url(https:\/\/projekty.us.edu.pl\/wp-content\/uploads\/2025\/05\/6.png);\" role=\"img\" aria-label=\"6\"><\/div>\n\t\t\t\t<div class=\"elementor-cta__bg-overlay\"><\/div>\n\t\t\t<\/div>\n\t\t\t\t\t\t\t\t<\/div>\n\t\t\t\t\t\t<\/div>\n\t\t\t\t<\/div>\n\t\t\t\t<\/div>\n\t\t<div class=\"elementor-element elementor-element-28d268b e-con-full e-flex e-con e-child\" data-id=\"28d268b\" data-element_type=\"container\" data-e-type=\"container\">\n\t\t\t\t<div class=\"elementor-element elementor-element-26a5733f elementor-cta--layout-image-above elementor-widget__width-inherit elementor-cta--skin-classic elementor-animated-content elementor-bg-transform elementor-bg-transform-zoom-in elementor-widget elementor-widget-call-to-action\" data-id=\"26a5733f\" data-element_type=\"widget\" data-e-type=\"widget\" data-widget_type=\"call-to-action.default\">\n\t\t\t\t<div class=\"elementor-widget-container\">\n\t\t\t\t\t\t\t<div class=\"elementor-cta\">\n\t\t\t\t\t<div class=\"elementor-cta__bg-wrapper\">\n\t\t\t\t<div class=\"elementor-cta__bg elementor-bg\" style=\"background-image: url(https:\/\/projekty.us.edu.pl\/wp-content\/uploads\/2025\/05\/8.png);\" role=\"img\" aria-label=\"8\"><\/div>\n\t\t\t\t<div class=\"elementor-cta__bg-overlay\"><\/div>\n\t\t\t<\/div>\n\t\t\t\t\t\t\t\t<\/div>\n\t\t\t\t\t\t<\/div>\n\t\t\t\t<\/div>\n\t\t\t\t<\/div>\n\t\t<div class=\"elementor-element elementor-element-2ec418fd e-con-full e-flex e-con e-child\" data-id=\"2ec418fd\" data-element_type=\"container\" data-e-type=\"container\">\n\t\t\t\t<div class=\"elementor-element elementor-element-c62990f elementor-cta--layout-image-above elementor-widget__width-inherit elementor-cta--skin-classic elementor-animated-content elementor-bg-transform elementor-bg-transform-zoom-in elementor-widget elementor-widget-call-to-action\" data-id=\"c62990f\" data-element_type=\"widget\" data-e-type=\"widget\" data-widget_type=\"call-to-action.default\">\n\t\t\t\t<div class=\"elementor-widget-container\">\n\t\t\t\t\t\t\t<div class=\"elementor-cta\">\n\t\t\t\t\t<div class=\"elementor-cta__bg-wrapper\">\n\t\t\t\t<div class=\"elementor-cta__bg elementor-bg\" style=\"background-image: url(https:\/\/projekty.us.edu.pl\/wp-content\/uploads\/2025\/05\/9.png);\" role=\"img\" aria-label=\"9\"><\/div>\n\t\t\t\t<div class=\"elementor-cta__bg-overlay\"><\/div>\n\t\t\t<\/div>\n\t\t\t\t\t\t\t\t<\/div>\n\t\t\t\t\t\t<\/div>\n\t\t\t\t<\/div>\n\t\t\t\t<\/div>\n\t\t\t\t<\/div>\n\t\t\t\t<\/div>\n\t\t<div class=\"elementor-element elementor-element-36a54e5d e-con-full e-flex e-con e-parent\" data-id=\"36a54e5d\" data-element_type=\"container\" data-e-type=\"container\" data-settings=\"{&quot;background_background&quot;:&quot;classic&quot;}\">\n\t\t<div class=\"elementor-element elementor-element-29e753d e-con-full e-flex e-con e-child\" data-id=\"29e753d\" data-element_type=\"container\" data-e-type=\"container\">\n\t\t\t\t<div class=\"elementor-element elementor-element-7ef518d2 elementor-widget elementor-widget-heading\" data-id=\"7ef518d2\" data-element_type=\"widget\" data-e-type=\"widget\" data-widget_type=\"heading.default\">\n\t\t\t\t<div class=\"elementor-widget-container\">\n\t\t\t\t\t<h2 class=\"elementor-heading-title elementor-size-default\">O projekcie<\/h2>\t\t\t\t<\/div>\n\t\t\t\t<\/div>\n\t\t\t\t<div class=\"elementor-element elementor-element-2ad07575 elementor-widget__width-initial elementor-widget elementor-widget-text-editor\" data-id=\"2ad07575\" data-element_type=\"widget\" data-e-type=\"widget\" data-widget_type=\"text-editor.default\">\n\t\t\t\t<div class=\"elementor-widget-container\">\n\t\t\t\t\t\t\t\t\t<p>Bizancjum by\u0142o uwa\u017cane za nowe Izrael, a jego mieszka\u0144cy byli narodem wybranym. Imperium by\u0142o pe\u0142ne ko\u015bcio\u0142\u00f3w, ikon i liturgicznego \u015bpiewu.<\/p><p>Ten do\u015b\u0107 dobrze zakorzeniony we wsp\u00f3\u0142czesnej wyobra\u017ani pogl\u0105d prezentuje bardzo uproszczon\u0105 wizj\u0119 Wschodniego Cesarstwa Rzymskiego. Do pewnego stopnia jest to wizja prawdziwa, chocia\u017c w du\u017cej mierze b\u0119d\u0105ca rezultatem tego, co zachowa\u0142o si\u0119 do naszych czas\u00f3w z bizanty\u0144skiej kultury. Jej namacalne pozosta\u0142o\u015bci to g\u0142\u00f3wnie architektura religijna i ikony, a niematerialne dziedzictwo to liturgia i teologia przechowywane w tradycji wschodnich ko\u015bcio\u0142\u00f3w chrze\u015bcija\u0144stwa.<\/p><p>Ten projekt proponuje inne spojrzenie. Bizanty\u0144czycy z pewno\u015bci\u0105 uznawali \u015bwiat za <em>opus Dei<\/em>, a ich wiedza naukowa, na ile mo\u017cemy to ocenia\u0107, opiera\u0142a si\u0119 autorytecie staro\u017cytnych tekst\u00f3w, a nie empirycznych badaniach. Ale istniej\u0105ce \u017ar\u00f3d\u0142a bezdyskusyjnie wskazuj\u0105 te\u017c, \u017ce mieszka\u0144cy Cesarstwa (przynajmniej ci, kt\u00f3rych teksty dzisiaj czytamy) rozumieli, \u017ce otaczaj\u0105cy ich \u015bwiat to wi\u0119cej ni\u017c tylko Bo\u017ce igrzysko. Bizanty\u0144czycy wykazywali wyra\u017ane zainteresowani r\u00f3\u017cnymi zjawiskami przyrodniczymi, kt\u00f3re ich otacza\u0142y, nawet je\u015bli robili to inaczej ni\u017c dyktuje to nowoczesna nauka.<\/p><p>Celem tego projektu jest stworzenie innej biografii Cesarstwa z wykorzystanie dost\u0119pnych \u017ar\u00f3de\u0142 (g\u0142\u00f3wnie literackich, ale tak\u017ce wizualnych i zooarcheologicznych). Badania koncentruj\u0105 si\u0119 na trzech kluczowych obszarach: rozumieniu \u015bwiata przyrody wyra\u017conego w traktatach naukowych i \u201ehybrydowych\u201d tekstach, kt\u00f3re \u0142\u0105cz\u0105 w sobie chrze\u015bcija\u0144sk\u0105 (religijn\u0105) i \u015bwieck\u0105 perspektyw\u0119, Konstantynopolu jako przestrzeni, gdzie ludzie koegzystowali ze zwierz\u0119tami, oraz na morzu i \u201edziczy\u201d (lasach, g\u00f3rach) jako dw\u00f3ch istotnych topoi (miejscach) w bizantyjskim \u015brodowisku naturalnym.<\/p>\t\t\t\t\t\t\t\t<\/div>\n\t\t\t\t<\/div>\n\t\t\t\t<\/div>\n\t\t<div class=\"elementor-element elementor-element-5fac53b6 e-con-full e-flex e-con e-child\" data-id=\"5fac53b6\" data-element_type=\"container\" data-e-type=\"container\" data-settings=\"{&quot;background_background&quot;:&quot;classic&quot;}\">\n\t\t\t\t<\/div>\n\t\t\t\t<\/div>\n\t\t\t\t<\/div>\n\t\t","protected":false},"excerpt":{"rendered":"<p>Nie tylko sacrum. Pojmowanie przyrody w Bizancjum (IV-XV wiek) O projekcie Bizancjum by\u0142o uwa\u017cane za nowe Izrael, a jego mieszka\u0144cy byli narodem wybranym. Imperium by\u0142o pe\u0142ne ko\u015bcio\u0142\u00f3w, ikon i liturgicznego \u015bpiewu. Ten do\u015b\u0107 dobrze zakorzeniony we wsp\u00f3\u0142czesnej wyobra\u017ani pogl\u0105d prezentuje bardzo uproszczon\u0105 wizj\u0119 Wschodniego Cesarstwa Rzymskiego. Do pewnego stopnia jest to wizja prawdziwa, chocia\u017c w [&hellip;]<\/p>\n","protected":false},"author":1,"featured_media":0,"parent":890,"menu_order":0,"comment_status":"closed","ping_status":"closed","template":"","meta":{"_acf_changed":false,"footnotes":""},"categories":[10],"tags":[],"status-projektu":[],"class_list":["post-165","page","type-page","status-publish","hentry","category-nie-tylko-sacrum-pojmowanie-przyrody-w-bizancjum-iv-xv-wiek"],"acf":[],"yoast_head":"<!-- This site is optimized with the Yoast SEO plugin v27.5 - https:\/\/yoast.com\/product\/yoast-seo-wordpress\/ -->\n<title>NTS_O projekcie - Portal Projekty<\/title>\n<meta name=\"robots\" content=\"index, follow, max-snippet:-1, max-image-preview:large, max-video-preview:-1\" \/>\n<link rel=\"canonical\" href=\"https:\/\/projekty.us.edu.pl\/index.php\/nie-tylko-sacrum-pojmowanie-przyrody-w-bizancjum-iv-xv-wiek-2\/nts_o-projekcie\/\" \/>\n<meta property=\"og:locale\" content=\"pl_PL\" \/>\n<meta property=\"og:type\" content=\"article\" \/>\n<meta property=\"og:title\" content=\"NTS_O projekcie - Portal Projekty\" \/>\n<meta property=\"og:description\" content=\"Nie tylko sacrum. Pojmowanie przyrody w Bizancjum (IV-XV wiek) O projekcie Bizancjum by\u0142o uwa\u017cane za nowe Izrael, a jego mieszka\u0144cy byli narodem wybranym. Imperium by\u0142o pe\u0142ne ko\u015bcio\u0142\u00f3w, ikon i liturgicznego \u015bpiewu. Ten do\u015b\u0107 dobrze zakorzeniony we wsp\u00f3\u0142czesnej wyobra\u017ani pogl\u0105d prezentuje bardzo uproszczon\u0105 wizj\u0119 Wschodniego Cesarstwa Rzymskiego. Do pewnego stopnia jest to wizja prawdziwa, chocia\u017c w [&hellip;]\" \/>\n<meta property=\"og:url\" content=\"https:\/\/projekty.us.edu.pl\/index.php\/nie-tylko-sacrum-pojmowanie-przyrody-w-bizancjum-iv-xv-wiek-2\/nts_o-projekcie\/\" \/>\n<meta property=\"og:site_name\" content=\"Portal Projekty\" \/>\n<meta property=\"article:modified_time\" content=\"2025-05-16T08:29:01+00:00\" \/>\n<meta name=\"twitter:card\" content=\"summary_large_image\" \/>\n<meta name=\"twitter:label1\" content=\"Szacowany czas czytania\" \/>\n\t<meta name=\"twitter:data1\" content=\"2 minuty\" \/>\n<script type=\"application\/ld+json\" class=\"yoast-schema-graph\">{\"@context\":\"https:\\\/\\\/schema.org\",\"@graph\":[{\"@type\":\"WebPage\",\"@id\":\"https:\\\/\\\/projekty.us.edu.pl\\\/index.php\\\/nie-tylko-sacrum-pojmowanie-przyrody-w-bizancjum-iv-xv-wiek-2\\\/nts_o-projekcie\\\/\",\"url\":\"https:\\\/\\\/projekty.us.edu.pl\\\/index.php\\\/nie-tylko-sacrum-pojmowanie-przyrody-w-bizancjum-iv-xv-wiek-2\\\/nts_o-projekcie\\\/\",\"name\":\"NTS_O projekcie - Portal Projekty\",\"isPartOf\":{\"@id\":\"https:\\\/\\\/projekty.us.edu.pl\\\/#website\"},\"datePublished\":\"2025-02-10T11:35:32+00:00\",\"dateModified\":\"2025-05-16T08:29:01+00:00\",\"breadcrumb\":{\"@id\":\"https:\\\/\\\/projekty.us.edu.pl\\\/index.php\\\/nie-tylko-sacrum-pojmowanie-przyrody-w-bizancjum-iv-xv-wiek-2\\\/nts_o-projekcie\\\/#breadcrumb\"},\"inLanguage\":\"pl-PL\",\"potentialAction\":[{\"@type\":\"ReadAction\",\"target\":[\"https:\\\/\\\/projekty.us.edu.pl\\\/index.php\\\/nie-tylko-sacrum-pojmowanie-przyrody-w-bizancjum-iv-xv-wiek-2\\\/nts_o-projekcie\\\/\"]}]},{\"@type\":\"BreadcrumbList\",\"@id\":\"https:\\\/\\\/projekty.us.edu.pl\\\/index.php\\\/nie-tylko-sacrum-pojmowanie-przyrody-w-bizancjum-iv-xv-wiek-2\\\/nts_o-projekcie\\\/#breadcrumb\",\"itemListElement\":[{\"@type\":\"ListItem\",\"position\":1,\"name\":\"Strona g\u0142\u00f3wna\",\"item\":\"https:\\\/\\\/projekty.us.edu.pl\\\/\"},{\"@type\":\"ListItem\",\"position\":2,\"name\":\"Nie tylko sacrum. Pojmowanie przyrody w Bizancjum (IV-XV wiek)\",\"item\":\"https:\\\/\\\/projekty.us.edu.pl\\\/index.php\\\/nie-tylko-sacrum-pojmowanie-przyrody-w-bizancjum-iv-xv-wiek-2\\\/\"},{\"@type\":\"ListItem\",\"position\":3,\"name\":\"NTS_O projekcie\"}]},{\"@type\":\"WebSite\",\"@id\":\"https:\\\/\\\/projekty.us.edu.pl\\\/#website\",\"url\":\"https:\\\/\\\/projekty.us.edu.pl\\\/\",\"name\":\"Portal Projekty\",\"description\":\"\",\"publisher\":{\"@id\":\"https:\\\/\\\/projekty.us.edu.pl\\\/#organization\"},\"potentialAction\":[{\"@type\":\"SearchAction\",\"target\":{\"@type\":\"EntryPoint\",\"urlTemplate\":\"https:\\\/\\\/projekty.us.edu.pl\\\/?s={search_term_string}\"},\"query-input\":{\"@type\":\"PropertyValueSpecification\",\"valueRequired\":true,\"valueName\":\"search_term_string\"}}],\"inLanguage\":\"pl-PL\"},{\"@type\":\"Organization\",\"@id\":\"https:\\\/\\\/projekty.us.edu.pl\\\/#organization\",\"name\":\"Portal Projekty\",\"url\":\"https:\\\/\\\/projekty.us.edu.pl\\\/\",\"logo\":{\"@type\":\"ImageObject\",\"inLanguage\":\"pl-PL\",\"@id\":\"https:\\\/\\\/projekty.us.edu.pl\\\/#\\\/schema\\\/logo\\\/image\\\/\",\"url\":\"https:\\\/\\\/projekty.us.edu.pl\\\/wp-content\\\/uploads\\\/2025\\\/01\\\/uniwersytet-slaski_logo_poziome_biale.png\",\"contentUrl\":\"https:\\\/\\\/projekty.us.edu.pl\\\/wp-content\\\/uploads\\\/2025\\\/01\\\/uniwersytet-slaski_logo_poziome_biale.png\",\"width\":2191,\"height\":369,\"caption\":\"Portal Projekty\"},\"image\":{\"@id\":\"https:\\\/\\\/projekty.us.edu.pl\\\/#\\\/schema\\\/logo\\\/image\\\/\"}}]}<\/script>\n<!-- \/ Yoast SEO plugin. -->","yoast_head_json":{"title":"NTS_O projekcie - Portal Projekty","robots":{"index":"index","follow":"follow","max-snippet":"max-snippet:-1","max-image-preview":"max-image-preview:large","max-video-preview":"max-video-preview:-1"},"canonical":"https:\/\/projekty.us.edu.pl\/index.php\/nie-tylko-sacrum-pojmowanie-przyrody-w-bizancjum-iv-xv-wiek-2\/nts_o-projekcie\/","og_locale":"pl_PL","og_type":"article","og_title":"NTS_O projekcie - Portal Projekty","og_description":"Nie tylko sacrum. Pojmowanie przyrody w Bizancjum (IV-XV wiek) O projekcie Bizancjum by\u0142o uwa\u017cane za nowe Izrael, a jego mieszka\u0144cy byli narodem wybranym. Imperium by\u0142o pe\u0142ne ko\u015bcio\u0142\u00f3w, ikon i liturgicznego \u015bpiewu. Ten do\u015b\u0107 dobrze zakorzeniony we wsp\u00f3\u0142czesnej wyobra\u017ani pogl\u0105d prezentuje bardzo uproszczon\u0105 wizj\u0119 Wschodniego Cesarstwa Rzymskiego. Do pewnego stopnia jest to wizja prawdziwa, chocia\u017c w [&hellip;]","og_url":"https:\/\/projekty.us.edu.pl\/index.php\/nie-tylko-sacrum-pojmowanie-przyrody-w-bizancjum-iv-xv-wiek-2\/nts_o-projekcie\/","og_site_name":"Portal Projekty","article_modified_time":"2025-05-16T08:29:01+00:00","twitter_card":"summary_large_image","twitter_misc":{"Szacowany czas czytania":"2 minuty"},"schema":{"@context":"https:\/\/schema.org","@graph":[{"@type":"WebPage","@id":"https:\/\/projekty.us.edu.pl\/index.php\/nie-tylko-sacrum-pojmowanie-przyrody-w-bizancjum-iv-xv-wiek-2\/nts_o-projekcie\/","url":"https:\/\/projekty.us.edu.pl\/index.php\/nie-tylko-sacrum-pojmowanie-przyrody-w-bizancjum-iv-xv-wiek-2\/nts_o-projekcie\/","name":"NTS_O projekcie - Portal Projekty","isPartOf":{"@id":"https:\/\/projekty.us.edu.pl\/#website"},"datePublished":"2025-02-10T11:35:32+00:00","dateModified":"2025-05-16T08:29:01+00:00","breadcrumb":{"@id":"https:\/\/projekty.us.edu.pl\/index.php\/nie-tylko-sacrum-pojmowanie-przyrody-w-bizancjum-iv-xv-wiek-2\/nts_o-projekcie\/#breadcrumb"},"inLanguage":"pl-PL","potentialAction":[{"@type":"ReadAction","target":["https:\/\/projekty.us.edu.pl\/index.php\/nie-tylko-sacrum-pojmowanie-przyrody-w-bizancjum-iv-xv-wiek-2\/nts_o-projekcie\/"]}]},{"@type":"BreadcrumbList","@id":"https:\/\/projekty.us.edu.pl\/index.php\/nie-tylko-sacrum-pojmowanie-przyrody-w-bizancjum-iv-xv-wiek-2\/nts_o-projekcie\/#breadcrumb","itemListElement":[{"@type":"ListItem","position":1,"name":"Strona g\u0142\u00f3wna","item":"https:\/\/projekty.us.edu.pl\/"},{"@type":"ListItem","position":2,"name":"Nie tylko sacrum. Pojmowanie przyrody w Bizancjum (IV-XV wiek)","item":"https:\/\/projekty.us.edu.pl\/index.php\/nie-tylko-sacrum-pojmowanie-przyrody-w-bizancjum-iv-xv-wiek-2\/"},{"@type":"ListItem","position":3,"name":"NTS_O projekcie"}]},{"@type":"WebSite","@id":"https:\/\/projekty.us.edu.pl\/#website","url":"https:\/\/projekty.us.edu.pl\/","name":"Portal Projekty","description":"","publisher":{"@id":"https:\/\/projekty.us.edu.pl\/#organization"},"potentialAction":[{"@type":"SearchAction","target":{"@type":"EntryPoint","urlTemplate":"https:\/\/projekty.us.edu.pl\/?s={search_term_string}"},"query-input":{"@type":"PropertyValueSpecification","valueRequired":true,"valueName":"search_term_string"}}],"inLanguage":"pl-PL"},{"@type":"Organization","@id":"https:\/\/projekty.us.edu.pl\/#organization","name":"Portal Projekty","url":"https:\/\/projekty.us.edu.pl\/","logo":{"@type":"ImageObject","inLanguage":"pl-PL","@id":"https:\/\/projekty.us.edu.pl\/#\/schema\/logo\/image\/","url":"https:\/\/projekty.us.edu.pl\/wp-content\/uploads\/2025\/01\/uniwersytet-slaski_logo_poziome_biale.png","contentUrl":"https:\/\/projekty.us.edu.pl\/wp-content\/uploads\/2025\/01\/uniwersytet-slaski_logo_poziome_biale.png","width":2191,"height":369,"caption":"Portal Projekty"},"image":{"@id":"https:\/\/projekty.us.edu.pl\/#\/schema\/logo\/image\/"}}]}},"_links":{"self":[{"href":"https:\/\/projekty.us.edu.pl\/index.php\/wp-json\/wp\/v2\/pages\/165","targetHints":{"allow":["GET"]}}],"collection":[{"href":"https:\/\/projekty.us.edu.pl\/index.php\/wp-json\/wp\/v2\/pages"}],"about":[{"href":"https:\/\/projekty.us.edu.pl\/index.php\/wp-json\/wp\/v2\/types\/page"}],"author":[{"embeddable":true,"href":"https:\/\/projekty.us.edu.pl\/index.php\/wp-json\/wp\/v2\/users\/1"}],"replies":[{"embeddable":true,"href":"https:\/\/projekty.us.edu.pl\/index.php\/wp-json\/wp\/v2\/comments?post=165"}],"version-history":[{"count":17,"href":"https:\/\/projekty.us.edu.pl\/index.php\/wp-json\/wp\/v2\/pages\/165\/revisions"}],"predecessor-version":[{"id":1290,"href":"https:\/\/projekty.us.edu.pl\/index.php\/wp-json\/wp\/v2\/pages\/165\/revisions\/1290"}],"up":[{"embeddable":true,"href":"https:\/\/projekty.us.edu.pl\/index.php\/wp-json\/wp\/v2\/pages\/890"}],"wp:attachment":[{"href":"https:\/\/projekty.us.edu.pl\/index.php\/wp-json\/wp\/v2\/media?parent=165"}],"wp:term":[{"taxonomy":"category","embeddable":true,"href":"https:\/\/projekty.us.edu.pl\/index.php\/wp-json\/wp\/v2\/categories?post=165"},{"taxonomy":"post_tag","embeddable":true,"href":"https:\/\/projekty.us.edu.pl\/index.php\/wp-json\/wp\/v2\/tags?post=165"},{"taxonomy":"status-projektu","embeddable":true,"href":"https:\/\/projekty.us.edu.pl\/index.php\/wp-json\/wp\/v2\/status-projektu?post=165"}],"curies":[{"name":"wp","href":"https:\/\/api.w.org\/{rel}","templated":true}]}}